{"id":10140,"date":"2024-01-30T17:33:18","date_gmt":"2024-01-30T16:33:18","guid":{"rendered":"https:\/\/agoraproject.eu\/agora-guide"},"modified":"2024-07-30T18:01:13","modified_gmt":"2024-07-30T16:01:13","slug":"guida-agora","status":"publish","type":"page","link":"https:\/\/agoraproject.eu\/it\/guida-agora","title":{"rendered":"guida agora"},"content":{"rendered":"\t\t<div data-elementor-type=\"wp-page\" data-elementor-id=\"10140\" class=\"elementor elementor-10140 elementor-3877\" data-elementor-post-type=\"page\">\n\t\t\t\t\t\t<section class=\"elementor-section elementor-top-section elementor-element elementor-element-8c55f2d elementor-section-full_width elementor-section-height-min-height elementor-section-content-middle elementor-section-stretched elementor-section-height-default elementor-section-items-middle\" data-id=\"8c55f2d\" data-element_type=\"section\" data-e-type=\"section\" data-settings=\"{&quot;jet_parallax_layout_list&quot;:[],&quot;stretch_section&quot;:&quot;section-stretched&quot;,&quot;background_background&quot;:&quot;classic&quot;,&quot;background_motion_fx_motion_fx_scrolling&quot;:&quot;yes&quot;,&quot;background_motion_fx_devices&quot;:[&quot;desktop&quot;,&quot;tablet&quot;,&quot;mobile&quot;]}\">\n\t\t\t\t\t\t\t<div class=\"elementor-background-overlay\"><\/div>\n\t\t\t\t\t\t\t<div class=\"elementor-container elementor-column-gap-default\">\n\t\t\t\t\t<div class=\"elementor-column elementor-col-100 elementor-top-column elementor-element elementor-element-9d39921\" data-id=\"9d39921\" data-element_type=\"column\" data-e-type=\"column\">\n\t\t\t<div class=\"elementor-widget-wrap elementor-element-populated\">\n\t\t\t\t\t\t\t<\/div>\n\t\t<\/div>\n\t\t\t\t\t<\/div>\n\t\t<\/section>\n\t\t\t\t<section class=\"elementor-section elementor-top-section elementor-element elementor-element-e306ea7 elementor-section-boxed elementor-section-height-default elementor-section-height-default\" data-id=\"e306ea7\" data-element_type=\"section\" data-e-type=\"section\" data-settings=\"{&quot;jet_parallax_layout_list&quot;:[]}\">\n\t\t\t\t\t\t<div class=\"elementor-container elementor-column-gap-default\">\n\t\t\t\t\t<div class=\"elementor-column elementor-col-100 elementor-top-column elementor-element elementor-element-de357b7\" data-id=\"de357b7\" data-element_type=\"column\" data-e-type=\"column\">\n\t\t\t<div class=\"elementor-widget-wrap elementor-element-populated\">\n\t\t\t\t\t\t<div class=\"elementor-element elementor-element-237d463 elementor-widget elementor-widget-text-editor\" data-id=\"237d463\" data-element_type=\"widget\" data-e-type=\"widget\" data-widget_type=\"text-editor.default\">\n\t\t\t\t<div class=\"elementor-widget-container\">\n\t\t\t\t\t\t\t\t\t<p><strong>Benvenuti nella Guida AGORA: Una risorsa completa per lo sviluppo del turismo rigenerativo<br \/><\/strong><\/p><p>Che siate esperti o principianti nel campo del turismo rigenerativo, la Guida AGORA \u00e8 una risorsa indispensabile. Per voi, per i vostri colleghi e per le vostre comunit\u00e0, la guida offre spunti e indicazioni preziose per contribuire alla creazione di un sistema turistico pi\u00f9 sostenibile (dal punto di vista ambientale, finanziario e sociale), circolare e gratificante. Questa guida pone un forte accento sulla promozione di esperienze rigenerative e sostenibili che hanno un impatto positivo sulle comunit\u00e0 locali e sull&#8217;ambiente.<\/p><p>All&#8217;interno di queste pagine, scoprirete una grande quantit\u00e0 di informazioni, tra cui i profili dei Paesi partner del nostro progetto. Esploriamo i benefici derivanti dalla co-progettazione collaborativa e dalla collaborazione comunitaria, affrontiamo le sfide prevalenti e presentiamo soluzioni praticabili. La Guida AGORA incoraggia l&#8217;apprendimento permanente e favorisce l&#8217;impegno della comunit\u00e0, promuovendo un approccio pi\u00f9 verde e responsabile al turismo per il benessere delle comunit\u00e0 locali.<\/p><p><strong>A chi \u00e8 rivolta questa guida?<br \/><\/strong><\/p><p>Rivolta a diversi interlocutori &#8211; operatori comunitari, educatori, professionisti del turismo e responsabili politici &#8211; la Guida AGORA favorisce lo scambio di conoscenze, stimola azioni positive e accelera il passaggio a ecosistemi turistici rigenerativi, sostenibili e circolari\u201d.<\/p>\t\t\t\t\t\t\t\t<\/div>\n\t\t\t\t<\/div>\n\t\t\t\t<div class=\"elementor-element elementor-element-7f916f6 elementor-align-left elementor-widget elementor-widget-button\" data-id=\"7f916f6\" data-element_type=\"widget\" data-e-type=\"widget\" data-widget_type=\"button.default\">\n\t\t\t\t<div class=\"elementor-widget-container\">\n\t\t\t\t\t\t\t\t\t<div class=\"elementor-button-wrapper\">\n\t\t\t\t\t<a class=\"elementor-button elementor-button-link elementor-size-sm\" href=\"https:\/\/agoraproject.eu\/docs\/it\/regenerative-guide.pdf\" target=\"_blank\">\n\t\t\t\t\t\t<span class=\"elementor-button-content-wrapper\">\n\t\t\t\t\t\t\t\t\t<span class=\"elementor-button-text\">SCARICA LA GUIDA<\/span>\n\t\t\t\t\t<\/span>\n\t\t\t\t\t<\/a>\n\t\t\t\t<\/div>\n\t\t\t\t\t\t\t\t<\/div>\n\t\t\t\t<\/div>\n\t\t\t\t<div class=\"elementor-element elementor-element-f5da9c5 elementor-widget elementor-widget-shortcode\" data-id=\"f5da9c5\" data-element_type=\"widget\" data-e-type=\"widget\" data-widget_type=\"shortcode.default\">\n\t\t\t\t<div class=\"elementor-widget-container\">\n\t\t\t\t\t\t\t<div class=\"elementor-shortcode\"><div class=\"_df_book df-lite\" id=\"df_10179\"  _slug=\"regenerative-guide-it\" data-title=\"regenerative-guide-it\" wpoptions=\"true\" thumbtype=\"\" ><\/div><script class=\"df-shortcode-script\" nowprocket type=\"application\/javascript\">window.option_df_10179 = {\"outline\":[],\"autoEnableOutline\":\"false\",\"autoEnableThumbnail\":\"false\",\"overwritePDFOutline\":\"false\",\"direction\":\"1\",\"pageSize\":\"0\",\"source\":\"https:\\\/\\\/agoraproject.eu\\\/docs\\\/it\\\/regenerative-guide.pdf\",\"wpOptions\":\"true\"}; if(window.DFLIP && window.DFLIP.parseBooks){window.DFLIP.parseBooks();}<\/script><\/div>\n\t\t\t\t\t\t<\/div>\n\t\t\t\t<\/div>\n\t\t\t\t\t<\/div>\n\t\t<\/div>\n\t\t\t\t\t<\/div>\n\t\t<\/section>\n\t\t\t\t<\/div>\n\t\t","protected":false},"excerpt":{"rendered":"<p>Benvenuti nella Guida AGORA: Una risorsa completa per lo sviluppo del turismo rigenerativo Che siate esperti o principianti nel campo del turismo rigenerativo, la Guida AGORA \u00e8 una risorsa indispensabile. Per voi, per i vostri colleghi e per le vostre comunit\u00e0, la guida offre spunti e indicazioni preziose per contribuire alla creazione di un sistema [&hellip;]<\/p>\n","protected":false},"author":4,"featured_media":0,"parent":0,"menu_order":0,"comment_status":"closed","ping_status":"closed","template":"","meta":{"footnotes":""},"class_list":["post-10140","page","type-page","status-publish","hentry"],"_links":{"self":[{"href":"https:\/\/agoraproject.eu\/it\/wp-json\/wp\/v2\/pages\/10140","targetHints":{"allow":["GET"]}}],"collection":[{"href":"https:\/\/agoraproject.eu\/it\/wp-json\/wp\/v2\/pages"}],"about":[{"href":"https:\/\/agoraproject.eu\/it\/wp-json\/wp\/v2\/types\/page"}],"author":[{"embeddable":true,"href":"https:\/\/agoraproject.eu\/it\/wp-json\/wp\/v2\/users\/4"}],"replies":[{"embeddable":true,"href":"https:\/\/agoraproject.eu\/it\/wp-json\/wp\/v2\/comments?post=10140"}],"version-history":[{"count":8,"href":"https:\/\/agoraproject.eu\/it\/wp-json\/wp\/v2\/pages\/10140\/revisions"}],"predecessor-version":[{"id":10219,"href":"https:\/\/agoraproject.eu\/it\/wp-json\/wp\/v2\/pages\/10140\/revisions\/10219"}],"wp:attachment":[{"href":"https:\/\/agoraproject.eu\/it\/wp-json\/wp\/v2\/media?parent=10140"}],"curies":[{"name":"wp","href":"https:\/\/api.w.org\/{rel}","templated":true}]}}