{"id":10138,"date":"2024-01-30T17:33:18","date_gmt":"2024-01-30T16:33:18","guid":{"rendered":"https:\/\/agoraproject.eu\/agora-guide"},"modified":"2024-07-30T18:02:15","modified_gmt":"2024-07-30T16:02:15","slug":"agora-guide","status":"publish","type":"page","link":"https:\/\/agoraproject.eu\/fr\/agora-guide","title":{"rendered":"le guide agora"},"content":{"rendered":"\t\t<div data-elementor-type=\"wp-page\" data-elementor-id=\"10138\" class=\"elementor elementor-10138 elementor-3877\" data-elementor-post-type=\"page\">\n\t\t\t\t\t\t<section class=\"elementor-section elementor-top-section elementor-element elementor-element-8c55f2d elementor-section-full_width elementor-section-height-min-height elementor-section-content-middle elementor-section-stretched elementor-section-height-default elementor-section-items-middle\" data-id=\"8c55f2d\" data-element_type=\"section\" data-e-type=\"section\" data-settings=\"{&quot;jet_parallax_layout_list&quot;:[],&quot;stretch_section&quot;:&quot;section-stretched&quot;,&quot;background_background&quot;:&quot;classic&quot;,&quot;background_motion_fx_motion_fx_scrolling&quot;:&quot;yes&quot;,&quot;background_motion_fx_devices&quot;:[&quot;desktop&quot;,&quot;tablet&quot;,&quot;mobile&quot;]}\">\n\t\t\t\t\t\t\t<div class=\"elementor-background-overlay\"><\/div>\n\t\t\t\t\t\t\t<div class=\"elementor-container elementor-column-gap-default\">\n\t\t\t\t\t<div class=\"elementor-column elementor-col-100 elementor-top-column elementor-element elementor-element-9d39921\" data-id=\"9d39921\" data-element_type=\"column\" data-e-type=\"column\">\n\t\t\t<div class=\"elementor-widget-wrap elementor-element-populated\">\n\t\t\t\t\t\t\t<\/div>\n\t\t<\/div>\n\t\t\t\t\t<\/div>\n\t\t<\/section>\n\t\t\t\t<section class=\"elementor-section elementor-top-section elementor-element elementor-element-e306ea7 elementor-section-boxed elementor-section-height-default elementor-section-height-default\" data-id=\"e306ea7\" data-element_type=\"section\" data-e-type=\"section\" data-settings=\"{&quot;jet_parallax_layout_list&quot;:[]}\">\n\t\t\t\t\t\t<div class=\"elementor-container elementor-column-gap-default\">\n\t\t\t\t\t<div class=\"elementor-column elementor-col-100 elementor-top-column elementor-element elementor-element-de357b7\" data-id=\"de357b7\" data-element_type=\"column\" data-e-type=\"column\">\n\t\t\t<div class=\"elementor-widget-wrap elementor-element-populated\">\n\t\t\t\t\t\t<div class=\"elementor-element elementor-element-237d463 elementor-widget elementor-widget-text-editor\" data-id=\"237d463\" data-element_type=\"widget\" data-e-type=\"widget\" data-widget_type=\"text-editor.default\">\n\t\t\t\t<div class=\"elementor-widget-container\">\n\t\t\t\t\t\t\t\t\t<p><strong>Bienvenue dans le Guide R\u00e9g\u00e9n\u00e9ratif du projet AGORA : Une ressource compl\u00e8te pour le d\u00e9veloppement du tourisme r\u00e9g\u00e9n\u00e9ratif<br \/><\/strong><\/p><p>Que vous soyez expert ou novice dans le domaine du tourisme r\u00e9g\u00e9n\u00e9rateur, le Guide AGORA est votre ressource incontournable ! Il fournit des informations et des conseils pr\u00e9cieux pour contribuer \u00e0 la mise en place d&rsquo;un syst\u00e8me touristique plus durable (sur le plan environnemental, financier et social), plus circulaire et plus prosp\u00e8re. Ce guide se concentre sur la promotion d&rsquo;exp\u00e9riences r\u00e9g\u00e9n\u00e9ratrices et durables qui ont un impact positif sur les communaut\u00e9s locales et l&rsquo;environnement.<\/p><p>Dans ces pages, vous d\u00e9couvrirez une mine d&rsquo;informations, y compris une analyse des profils des pays partenaires de notre projet. Nous explorons les avantages de la co-cr\u00e9ation et de la collaboration avec les communaut\u00e9s, nous explorons les d\u00e9fis les plus courants et nous pr\u00e9sentons des solutions viables. Le guide AGORA encourage l&rsquo;apprentissage tout au long de la vie et favorise un engagement communautaire, en promouvant une approche plus \u00e9cologique et plus responsable du tourisme pour le bien-\u00eatre des communaut\u00e9s locales.<\/p><p><strong>\u00c0 qui s&rsquo;adresse ce guide?<\/strong><\/p><p>Diverses parties prenantes &#8211; agents communautaires, \u00e9ducateurs, professionnels du tourisme et d\u00e9cideurs politiques&#8230; Le guide AGORA favorise l&rsquo;\u00e9change de connaissances, inspire des actions positives et acc\u00e9l\u00e8re le passage \u00e0 des \u00e9cosyst\u00e8mes touristiques r\u00e9g\u00e9n\u00e9ratifs, durables et circulaires.<\/p>\t\t\t\t\t\t\t\t<\/div>\n\t\t\t\t<\/div>\n\t\t\t\t<div class=\"elementor-element elementor-element-7f916f6 elementor-align-left elementor-widget elementor-widget-button\" data-id=\"7f916f6\" data-element_type=\"widget\" data-e-type=\"widget\" data-widget_type=\"button.default\">\n\t\t\t\t<div class=\"elementor-widget-container\">\n\t\t\t\t\t\t\t\t\t<div class=\"elementor-button-wrapper\">\n\t\t\t\t\t<a class=\"elementor-button elementor-button-link elementor-size-sm\" href=\"https:\/\/agoraproject.eu\/docs\/fr\/regenerative-guide.pdf\" target=\"_blank\">\n\t\t\t\t\t\t<span class=\"elementor-button-content-wrapper\">\n\t\t\t\t\t\t\t\t\t<span class=\"elementor-button-text\">T\u00c9L\u00c9CHARGER LE GUIDE<\/span>\n\t\t\t\t\t<\/span>\n\t\t\t\t\t<\/a>\n\t\t\t\t<\/div>\n\t\t\t\t\t\t\t\t<\/div>\n\t\t\t\t<\/div>\n\t\t\t\t<div class=\"elementor-element elementor-element-f5da9c5 elementor-widget elementor-widget-shortcode\" data-id=\"f5da9c5\" data-element_type=\"widget\" data-e-type=\"widget\" data-widget_type=\"shortcode.default\">\n\t\t\t\t<div class=\"elementor-widget-container\">\n\t\t\t\t\t\t\t<div class=\"elementor-shortcode\"><div class=\"_df_book df-lite\" id=\"df_10178\"  _slug=\"regenerative-guide-fe\" data-title=\"regenerative-guide-fr\" wpoptions=\"true\" thumbtype=\"\" ><\/div><script class=\"df-shortcode-script\" nowprocket type=\"application\/javascript\">window.option_df_10178 = {\"outline\":[],\"autoEnableOutline\":\"false\",\"autoEnableThumbnail\":\"false\",\"overwritePDFOutline\":\"false\",\"direction\":\"1\",\"pageSize\":\"0\",\"source\":\"https:\\\/\\\/agoraproject.eu\\\/docs\\\/fr\\\/regenerative-guide.pdf\",\"wpOptions\":\"true\"}; if(window.DFLIP && window.DFLIP.parseBooks){window.DFLIP.parseBooks();}<\/script><\/div>\n\t\t\t\t\t\t<\/div>\n\t\t\t\t<\/div>\n\t\t\t\t\t<\/div>\n\t\t<\/div>\n\t\t\t\t\t<\/div>\n\t\t<\/section>\n\t\t\t\t<\/div>\n\t\t","protected":false},"excerpt":{"rendered":"<p>Bienvenue dans le Guide R\u00e9g\u00e9n\u00e9ratif du projet AGORA : Une ressource compl\u00e8te pour le d\u00e9veloppement du tourisme r\u00e9g\u00e9n\u00e9ratif Que vous soyez expert ou novice dans le domaine du tourisme r\u00e9g\u00e9n\u00e9rateur, le Guide AGORA est votre ressource incontournable ! Il fournit des informations et des conseils pr\u00e9cieux pour contribuer \u00e0 la mise en place d&rsquo;un syst\u00e8me [&hellip;]<\/p>\n","protected":false},"author":4,"featured_media":0,"parent":0,"menu_order":0,"comment_status":"closed","ping_status":"closed","template":"","meta":{"footnotes":""},"class_list":["post-10138","page","type-page","status-publish","hentry"],"_links":{"self":[{"href":"https:\/\/agoraproject.eu\/fr\/wp-json\/wp\/v2\/pages\/10138","targetHints":{"allow":["GET"]}}],"collection":[{"href":"https:\/\/agoraproject.eu\/fr\/wp-json\/wp\/v2\/pages"}],"about":[{"href":"https:\/\/agoraproject.eu\/fr\/wp-json\/wp\/v2\/types\/page"}],"author":[{"embeddable":true,"href":"https:\/\/agoraproject.eu\/fr\/wp-json\/wp\/v2\/users\/4"}],"replies":[{"embeddable":true,"href":"https:\/\/agoraproject.eu\/fr\/wp-json\/wp\/v2\/comments?post=10138"}],"version-history":[{"count":7,"href":"https:\/\/agoraproject.eu\/fr\/wp-json\/wp\/v2\/pages\/10138\/revisions"}],"predecessor-version":[{"id":10226,"href":"https:\/\/agoraproject.eu\/fr\/wp-json\/wp\/v2\/pages\/10138\/revisions\/10226"}],"wp:attachment":[{"href":"https:\/\/agoraproject.eu\/fr\/wp-json\/wp\/v2\/media?parent=10138"}],"curies":[{"name":"wp","href":"https:\/\/api.w.org\/{rel}","templated":true}]}}