{"id":10137,"date":"2024-01-30T17:33:18","date_gmt":"2024-01-30T16:33:18","guid":{"rendered":"https:\/\/agoraproject.eu\/agora-guide"},"modified":"2024-07-30T17:59:39","modified_gmt":"2024-07-30T15:59:39","slug":"agora-opas","status":"publish","type":"page","link":"https:\/\/agoraproject.eu\/fi\/agora-opas","title":{"rendered":"Agora Opas"},"content":{"rendered":"\t\t<div data-elementor-type=\"wp-page\" data-elementor-id=\"10137\" class=\"elementor elementor-10137 elementor-3877\" data-elementor-post-type=\"page\">\n\t\t\t\t\t\t<section class=\"elementor-section elementor-top-section elementor-element elementor-element-8c55f2d elementor-section-full_width elementor-section-height-min-height elementor-section-content-middle elementor-section-stretched elementor-section-height-default elementor-section-items-middle\" data-id=\"8c55f2d\" data-element_type=\"section\" data-e-type=\"section\" data-settings=\"{&quot;jet_parallax_layout_list&quot;:[],&quot;stretch_section&quot;:&quot;section-stretched&quot;,&quot;background_background&quot;:&quot;classic&quot;,&quot;background_motion_fx_motion_fx_scrolling&quot;:&quot;yes&quot;,&quot;background_motion_fx_devices&quot;:[&quot;desktop&quot;,&quot;tablet&quot;,&quot;mobile&quot;]}\">\n\t\t\t\t\t\t\t<div class=\"elementor-background-overlay\"><\/div>\n\t\t\t\t\t\t\t<div class=\"elementor-container elementor-column-gap-default\">\n\t\t\t\t\t<div class=\"elementor-column elementor-col-100 elementor-top-column elementor-element elementor-element-9d39921\" data-id=\"9d39921\" data-element_type=\"column\" data-e-type=\"column\">\n\t\t\t<div class=\"elementor-widget-wrap elementor-element-populated\">\n\t\t\t\t\t\t\t<\/div>\n\t\t<\/div>\n\t\t\t\t\t<\/div>\n\t\t<\/section>\n\t\t\t\t<section class=\"elementor-section elementor-top-section elementor-element elementor-element-e306ea7 elementor-section-boxed elementor-section-height-default elementor-section-height-default\" data-id=\"e306ea7\" data-element_type=\"section\" data-e-type=\"section\" data-settings=\"{&quot;jet_parallax_layout_list&quot;:[]}\">\n\t\t\t\t\t\t<div class=\"elementor-container elementor-column-gap-default\">\n\t\t\t\t\t<div class=\"elementor-column elementor-col-100 elementor-top-column elementor-element elementor-element-de357b7\" data-id=\"de357b7\" data-element_type=\"column\" data-e-type=\"column\">\n\t\t\t<div class=\"elementor-widget-wrap elementor-element-populated\">\n\t\t\t\t\t\t<div class=\"elementor-element elementor-element-237d463 elementor-widget elementor-widget-text-editor\" data-id=\"237d463\" data-element_type=\"widget\" data-e-type=\"widget\" data-widget_type=\"text-editor.default\">\n\t\t\t\t<div class=\"elementor-widget-container\">\n\t\t\t\t\t\t\t\t\t<p><strong>Tervetuloa AGORA-Oppaaseen: Kattava tietol\u00e4hde uudistavan matkailun kehitt\u00e4miseksi<br \/><\/strong><\/p><p>AGORA-opas on korvaamaton tietol\u00e4hde riippumatta siit\u00e4, oletko asiantuntija vai aloittelija uudistavan matkailun alalla. Se tarjoaa sinulle, kollegoillesi ja yhteis\u00f6illesi arvokasta tietoa ja opastusta siit\u00e4, miten edist\u00e4\u00e4 kest\u00e4v\u00e4mm\u00e4n (ymp\u00e4rist\u00f6n, talouden ja yhteiskunnan kannalta), kiertotalouden ja palkitsevamman matkailuj\u00e4rjestelm\u00e4n luomista. T\u00e4ss\u00e4 oppaassa painotetaan voimakkaasti sellaisten uudistavien ja kest\u00e4vien el\u00e4mysten edist\u00e4mist\u00e4, jotka vaikuttavat my\u00f6nteisesti paikallisyhteis\u00f6ihin ja ymp\u00e4rist\u00f6\u00f6n.<\/p><p>N\u00e4ill\u00e4 sivuilla on runsaasti tietoa, mukaan lukien maakohtaiset profiilit hankekumppanimaista. Tutustumme yhteissuunnittelusta ja yhteis\u00f6yhteisty\u00f6st\u00e4 saataviin hy\u00f6tyihin, k\u00e4sittelemme vallitsevia haasteita ja esittelemme toteuttamiskelpoisia ratkaisuja. AGORA-opas kannustaa elinik\u00e4iseen oppimiseen ja tukee yhteis\u00f6n sitoutumista sek\u00e4 edist\u00e4\u00e4 vihre\u00e4mp\u00e4\u00e4 ja vastuullisempaa l\u00e4hestymistapaa matkailuun paikallisyhteis\u00f6jen hyvinvoinnin edist\u00e4miseksi.<\/p><p><strong>Kenelle t\u00e4m\u00e4 opas on tarkoitettu?<br \/><\/strong><\/p><p>AGORA-opas on suunnattu erilaisille sidosryhmille &#8211; yhteis\u00f6n toimijoille, kouluttajille, matkailualan ammattilaisille ja poliittisille p\u00e4\u00e4tt\u00e4jille &#8211; ja se edist\u00e4\u00e4 tiedonvaihtoa, innostaa my\u00f6nteisiin toimiin ja nopeuttaa siirtymist\u00e4 kohti uudistavia, kest\u00e4vi\u00e4 ja kiert\u00e4vi\u00e4 matkailun ekosysteemej\u00e4.<\/p>\t\t\t\t\t\t\t\t<\/div>\n\t\t\t\t<\/div>\n\t\t\t\t<div class=\"elementor-element elementor-element-7f916f6 elementor-align-left elementor-widget elementor-widget-button\" data-id=\"7f916f6\" data-element_type=\"widget\" data-e-type=\"widget\" data-widget_type=\"button.default\">\n\t\t\t\t<div class=\"elementor-widget-container\">\n\t\t\t\t\t\t\t\t\t<div class=\"elementor-button-wrapper\">\n\t\t\t\t\t<a class=\"elementor-button elementor-button-link elementor-size-sm\" href=\"https:\/\/agoraproject.eu\/docs\/fi\/regenerative-guide.pdf\" target=\"_blank\">\n\t\t\t\t\t\t<span class=\"elementor-button-content-wrapper\">\n\t\t\t\t\t\t\t\t\t<span class=\"elementor-button-text\">LATAA OPAS<\/span>\n\t\t\t\t\t<\/span>\n\t\t\t\t\t<\/a>\n\t\t\t\t<\/div>\n\t\t\t\t\t\t\t\t<\/div>\n\t\t\t\t<\/div>\n\t\t\t\t<div class=\"elementor-element elementor-element-f5da9c5 elementor-widget elementor-widget-shortcode\" data-id=\"f5da9c5\" data-element_type=\"widget\" data-e-type=\"widget\" data-widget_type=\"shortcode.default\">\n\t\t\t\t<div class=\"elementor-widget-container\">\n\t\t\t\t\t\t\t<div class=\"elementor-shortcode\"><div class=\"_df_book df-lite\" id=\"df_10184\"  _slug=\"regenerative-guide-fn\" data-title=\"regenerative-guide-fn\" wpoptions=\"true\" thumbtype=\"\" ><\/div><script class=\"df-shortcode-script\" nowprocket type=\"application\/javascript\">window.option_df_10184 = {\"outline\":[],\"autoEnableOutline\":\"false\",\"autoEnableThumbnail\":\"false\",\"overwritePDFOutline\":\"false\",\"direction\":\"1\",\"pageSize\":\"0\",\"source\":\"https:\\\/\\\/agoraproject.eu\\\/docs\\\/fi\\\/regenerative-guide.pdf\",\"wpOptions\":\"true\"}; if(window.DFLIP && window.DFLIP.parseBooks){window.DFLIP.parseBooks();}<\/script><\/div>\n\t\t\t\t\t\t<\/div>\n\t\t\t\t<\/div>\n\t\t\t\t\t<\/div>\n\t\t<\/div>\n\t\t\t\t\t<\/div>\n\t\t<\/section>\n\t\t\t\t<\/div>\n\t\t","protected":false},"excerpt":{"rendered":"<p>Tervetuloa AGORA-Oppaaseen: Kattava tietol\u00e4hde uudistavan matkailun kehitt\u00e4miseksi AGORA-opas on korvaamaton tietol\u00e4hde riippumatta siit\u00e4, oletko asiantuntija vai aloittelija uudistavan matkailun alalla. Se tarjoaa sinulle, kollegoillesi ja yhteis\u00f6illesi arvokasta tietoa ja opastusta siit\u00e4, miten edist\u00e4\u00e4 kest\u00e4v\u00e4mm\u00e4n (ymp\u00e4rist\u00f6n, talouden ja yhteiskunnan kannalta), kiertotalouden ja palkitsevamman matkailuj\u00e4rjestelm\u00e4n luomista. T\u00e4ss\u00e4 oppaassa painotetaan voimakkaasti sellaisten uudistavien ja kest\u00e4vien el\u00e4mysten edist\u00e4mist\u00e4, jotka [&hellip;]<\/p>\n","protected":false},"author":4,"featured_media":0,"parent":0,"menu_order":0,"comment_status":"closed","ping_status":"closed","template":"","meta":{"footnotes":""},"class_list":["post-10137","page","type-page","status-publish","hentry"],"_links":{"self":[{"href":"https:\/\/agoraproject.eu\/fi\/wp-json\/wp\/v2\/pages\/10137","targetHints":{"allow":["GET"]}}],"collection":[{"href":"https:\/\/agoraproject.eu\/fi\/wp-json\/wp\/v2\/pages"}],"about":[{"href":"https:\/\/agoraproject.eu\/fi\/wp-json\/wp\/v2\/types\/page"}],"author":[{"embeddable":true,"href":"https:\/\/agoraproject.eu\/fi\/wp-json\/wp\/v2\/users\/4"}],"replies":[{"embeddable":true,"href":"https:\/\/agoraproject.eu\/fi\/wp-json\/wp\/v2\/comments?post=10137"}],"version-history":[{"count":7,"href":"https:\/\/agoraproject.eu\/fi\/wp-json\/wp\/v2\/pages\/10137\/revisions"}],"predecessor-version":[{"id":10213,"href":"https:\/\/agoraproject.eu\/fi\/wp-json\/wp\/v2\/pages\/10137\/revisions\/10213"}],"wp:attachment":[{"href":"https:\/\/agoraproject.eu\/fi\/wp-json\/wp\/v2\/media?parent=10137"}],"curies":[{"name":"wp","href":"https:\/\/api.w.org\/{rel}","templated":true}]}}