{"id":10141,"date":"2024-01-30T17:33:18","date_gmt":"2024-01-30T16:33:18","guid":{"rendered":"https:\/\/agoraproject.eu\/agora-guide"},"modified":"2024-07-30T17:58:49","modified_gmt":"2024-07-30T15:58:49","slug":"guia-agora","status":"publish","type":"page","link":"https:\/\/agoraproject.eu\/es\/guia-agora","title":{"rendered":"Gu\u00eda agora"},"content":{"rendered":"\t\t<div data-elementor-type=\"wp-page\" data-elementor-id=\"10141\" class=\"elementor elementor-10141 elementor-3877\" data-elementor-post-type=\"page\">\n\t\t\t\t\t\t<section class=\"elementor-section elementor-top-section elementor-element elementor-element-8c55f2d elementor-section-full_width elementor-section-height-min-height elementor-section-content-middle elementor-section-stretched elementor-section-height-default elementor-section-items-middle\" data-id=\"8c55f2d\" data-element_type=\"section\" data-e-type=\"section\" data-settings=\"{&quot;jet_parallax_layout_list&quot;:[],&quot;stretch_section&quot;:&quot;section-stretched&quot;,&quot;background_background&quot;:&quot;classic&quot;,&quot;background_motion_fx_motion_fx_scrolling&quot;:&quot;yes&quot;,&quot;background_motion_fx_devices&quot;:[&quot;desktop&quot;,&quot;tablet&quot;,&quot;mobile&quot;]}\">\n\t\t\t\t\t\t\t<div class=\"elementor-background-overlay\"><\/div>\n\t\t\t\t\t\t\t<div class=\"elementor-container elementor-column-gap-default\">\n\t\t\t\t\t<div class=\"elementor-column elementor-col-100 elementor-top-column elementor-element elementor-element-9d39921\" data-id=\"9d39921\" data-element_type=\"column\" data-e-type=\"column\">\n\t\t\t<div class=\"elementor-widget-wrap elementor-element-populated\">\n\t\t\t\t\t\t\t<\/div>\n\t\t<\/div>\n\t\t\t\t\t<\/div>\n\t\t<\/section>\n\t\t\t\t<section class=\"elementor-section elementor-top-section elementor-element elementor-element-e306ea7 elementor-section-boxed elementor-section-height-default elementor-section-height-default\" data-id=\"e306ea7\" data-element_type=\"section\" data-e-type=\"section\" data-settings=\"{&quot;jet_parallax_layout_list&quot;:[]}\">\n\t\t\t\t\t\t<div class=\"elementor-container elementor-column-gap-default\">\n\t\t\t\t\t<div class=\"elementor-column elementor-col-100 elementor-top-column elementor-element elementor-element-de357b7\" data-id=\"de357b7\" data-element_type=\"column\" data-e-type=\"column\">\n\t\t\t<div class=\"elementor-widget-wrap elementor-element-populated\">\n\t\t\t\t\t\t<div class=\"elementor-element elementor-element-237d463 elementor-widget elementor-widget-text-editor\" data-id=\"237d463\" data-element_type=\"widget\" data-e-type=\"widget\" data-widget_type=\"text-editor.default\">\n\t\t\t\t<div class=\"elementor-widget-container\">\n\t\t\t\t\t\t\t\t\t<p><strong>Bienvenido a la Gu\u00eda AGORA: Un recurso integral para el desarrollo del turismo regenerativo<br \/><\/strong><\/p><p>Tanto si es un experto como un principiante en el campo del turismo regenerativo, la Gu\u00eda AGORA es su recurso indispensable. Te ofrece a ti, a tus colaboradores y a las comunidades una valiosa informaci\u00f3n y orientaci\u00f3n para contribuir al establecimiento de un sistema tur\u00edstico m\u00e1s sostenible (ambiental, financiera y socialmente), circular y gratificante. Esta gu\u00eda hace especial hincapi\u00e9 en el fomento de experiencias regenerativas y sostenibles que tengan un impacto positivo en las comunidades locales y el medio ambiente.<\/p><p>En estas p\u00e1ginas encontrar\u00e1s abundante informaci\u00f3n, incluidos los perfiles de los pa\u00edses socios de nuestros proyectos. Exploramos los beneficios derivados del codise\u00f1o colaborativo y de la colaboraci\u00f3n comunitaria, abordamos los retos predominantes y presentamos soluciones viables. La Gu\u00eda AGORA alienta el aprendizaje permanente y fomenta el compromiso de la comunidad, promoviendo un enfoque m\u00e1s ecol\u00f3gico y responsable del turismo para el bienestar de las comunidades locales.<\/p><p><strong>\u00bfA qui\u00e9n va dirigida esta gu\u00eda?<br \/><\/strong><\/p><p>Dirigida a diversas partes interesadas -agentes comunitarios, educadores, profesionales del turismo y responsables pol\u00edticos-, la Gu\u00eda AGORA fomenta el intercambio de conocimientos, inspira acciones positivas y acelera el cambio hacia ecosistemas tur\u00edsticos regenerativos, sostenibles y circulares.<\/p>\t\t\t\t\t\t\t\t<\/div>\n\t\t\t\t<\/div>\n\t\t\t\t<div class=\"elementor-element elementor-element-7f916f6 elementor-align-left elementor-widget elementor-widget-button\" data-id=\"7f916f6\" data-element_type=\"widget\" data-e-type=\"widget\" data-widget_type=\"button.default\">\n\t\t\t\t<div class=\"elementor-widget-container\">\n\t\t\t\t\t\t\t\t\t<div class=\"elementor-button-wrapper\">\n\t\t\t\t\t<a class=\"elementor-button elementor-button-link elementor-size-sm\" href=\"https:\/\/agoraproject.eu\/docs\/es\/regenerative-guide.pdf\" target=\"_blank\">\n\t\t\t\t\t\t<span class=\"elementor-button-content-wrapper\">\n\t\t\t\t\t\t\t\t\t<span class=\"elementor-button-text\">DESCARGAR LA GU\u00cdA<\/span>\n\t\t\t\t\t<\/span>\n\t\t\t\t\t<\/a>\n\t\t\t\t<\/div>\n\t\t\t\t\t\t\t\t<\/div>\n\t\t\t\t<\/div>\n\t\t\t\t<div class=\"elementor-element elementor-element-f5da9c5 elementor-widget elementor-widget-shortcode\" data-id=\"f5da9c5\" data-element_type=\"widget\" data-e-type=\"widget\" data-widget_type=\"shortcode.default\">\n\t\t\t\t<div class=\"elementor-widget-container\">\n\t\t\t\t\t\t\t<div class=\"elementor-shortcode\"><div class=\"_df_book df-lite\" id=\"df_10175\"  _slug=\"regenerative-guide-es\" data-title=\"regenerative-guide-es\" wpoptions=\"true\" thumbtype=\"\" ><\/div><script class=\"df-shortcode-script\" nowprocket type=\"application\/javascript\">window.option_df_10175 = {\"outline\":[],\"autoEnableOutline\":\"false\",\"autoEnableThumbnail\":\"false\",\"overwritePDFOutline\":\"false\",\"direction\":\"1\",\"pageSize\":\"0\",\"source\":\"https:\\\/\\\/agoraproject.eu\\\/docs\\\/es\\\/regenerative-guide.pdf\",\"wpOptions\":\"true\"}; if(window.DFLIP && window.DFLIP.parseBooks){window.DFLIP.parseBooks();}<\/script><\/div>\n\t\t\t\t\t\t<\/div>\n\t\t\t\t<\/div>\n\t\t\t\t\t<\/div>\n\t\t<\/div>\n\t\t\t\t\t<\/div>\n\t\t<\/section>\n\t\t\t\t<\/div>\n\t\t","protected":false},"excerpt":{"rendered":"<p>Bienvenido a la Gu\u00eda AGORA: Un recurso integral para el desarrollo del turismo regenerativo Tanto si es un experto como un principiante en el campo del turismo regenerativo, la Gu\u00eda AGORA es su recurso indispensable. Te ofrece a ti, a tus colaboradores y a las comunidades una valiosa informaci\u00f3n y orientaci\u00f3n para contribuir al establecimiento [&hellip;]<\/p>\n","protected":false},"author":4,"featured_media":0,"parent":0,"menu_order":0,"comment_status":"closed","ping_status":"closed","template":"","meta":{"footnotes":""},"class_list":["post-10141","page","type-page","status-publish","hentry"],"_links":{"self":[{"href":"https:\/\/agoraproject.eu\/es\/wp-json\/wp\/v2\/pages\/10141","targetHints":{"allow":["GET"]}}],"collection":[{"href":"https:\/\/agoraproject.eu\/es\/wp-json\/wp\/v2\/pages"}],"about":[{"href":"https:\/\/agoraproject.eu\/es\/wp-json\/wp\/v2\/types\/page"}],"author":[{"embeddable":true,"href":"https:\/\/agoraproject.eu\/es\/wp-json\/wp\/v2\/users\/4"}],"replies":[{"embeddable":true,"href":"https:\/\/agoraproject.eu\/es\/wp-json\/wp\/v2\/comments?post=10141"}],"version-history":[{"count":7,"href":"https:\/\/agoraproject.eu\/es\/wp-json\/wp\/v2\/pages\/10141\/revisions"}],"predecessor-version":[{"id":10210,"href":"https:\/\/agoraproject.eu\/es\/wp-json\/wp\/v2\/pages\/10141\/revisions\/10210"}],"wp:attachment":[{"href":"https:\/\/agoraproject.eu\/es\/wp-json\/wp\/v2\/media?parent=10141"}],"curies":[{"name":"wp","href":"https:\/\/api.w.org\/{rel}","templated":true}]}}